{"id":55248,"date":"2024-09-19T11:16:03","date_gmt":"2024-09-19T15:16:03","guid":{"rendered":"https:\/\/pulsarpools.com\/documentos-de-miembros\/bomba-de-refuerzo\/"},"modified":"2025-05-02T13:59:42","modified_gmt":"2025-05-02T17:59:42","slug":"bomba-de-refuerzo","status":"publish","type":"page","link":"https:\/\/pulsarpools.com\/es\/documentos-de-miembros\/bomba-de-refuerzo\/","title":{"rendered":"Bomba de refuerzo"},"content":{"rendered":"\t\t<div data-elementor-type=\"wp-page\" data-elementor-id=\"55248\" class=\"elementor elementor-55248 elementor-52487\" data-elementor-post-type=\"page\">\n\t\t\t\t\t\t<section data-particle_enable=\"false\" data-particle-mobile-disabled=\"false\" class=\"elementor-section elementor-top-section elementor-element elementor-element-a8523ed elementor-section-boxed elementor-section-height-default elementor-section-height-default\" data-id=\"a8523ed\" data-element_type=\"section\" data-e-type=\"section\" data-settings=\"{&quot;jet_parallax_layout_list&quot;:[]}\">\n\t\t\t\t\t\t<div class=\"elementor-container elementor-column-gap-wider\">\n\t\t\t\t\t<div class=\"elementor-column elementor-col-100 elementor-top-column elementor-element elementor-element-2e5d916\" data-id=\"2e5d916\" data-element_type=\"column\" data-e-type=\"column\">\n\t\t\t<div class=\"elementor-widget-wrap elementor-element-populated\">\n\t\t\t\t\t\t<div class=\"elementor-element elementor-element-5149c37 elementor-position-inline-start elementor-view-default elementor-mobile-position-block-start elementor-widget elementor-widget-icon-box\" data-id=\"5149c37\" data-element_type=\"widget\" data-e-type=\"widget\" data-widget_type=\"icon-box.default\">\n\t\t\t\t<div class=\"elementor-widget-container\">\n\t\t\t\t\t\t\t<div class=\"elementor-icon-box-wrapper\">\n\n\t\t\t\t\t\t<div class=\"elementor-icon-box-icon\">\n\t\t\t\t<a href=\"https:\/\/pulsarpools.com\/es\/documentos-de-miembros\/\" class=\"elementor-icon\" tabindex=\"-1\" aria-label=\"Volver al Portal de Ingenier\u00eda\">\n\t\t\t\t<i aria-hidden=\"true\" class=\"fas fa-angle-double-left\"><\/i>\t\t\t\t<\/a>\n\t\t\t<\/div>\n\t\t\t\n\t\t\t\t\t\t<div class=\"elementor-icon-box-content\">\n\n\t\t\t\t\t\t\t\t\t<h3 class=\"elementor-icon-box-title\">\n\t\t\t\t\t\t<a href=\"https:\/\/pulsarpools.com\/es\/documentos-de-miembros\/\" >\n\t\t\t\t\t\t\tVolver al Portal de Ingenier\u00eda\t\t\t\t\t\t<\/a>\n\t\t\t\t\t<\/h3>\n\t\t\t\t\n\t\t\t\t\n\t\t\t<\/div>\n\t\t\t\n\t\t<\/div>\n\t\t\t\t\t\t<\/div>\n\t\t\t\t<\/div>\n\t\t\t\t<section data-particle_enable=\"false\" data-particle-mobile-disabled=\"false\" class=\"elementor-section elementor-inner-section elementor-element elementor-element-c9fcbe0 elementor-section-boxed elementor-section-height-default elementor-section-height-default\" data-id=\"c9fcbe0\" data-element_type=\"section\" data-e-type=\"section\" data-settings=\"{&quot;jet_parallax_layout_list&quot;:[]}\">\n\t\t\t\t\t\t<div class=\"elementor-container elementor-column-gap-default\">\n\t\t\t\t\t<div class=\"elementor-column elementor-col-50 elementor-inner-column elementor-element elementor-element-6bf7657\" data-id=\"6bf7657\" data-element_type=\"column\" data-e-type=\"column\">\n\t\t\t<div class=\"elementor-widget-wrap elementor-element-populated\">\n\t\t\t\t\t\t<div class=\"elementor-element elementor-element-8ce8bd9 elementor-widget elementor-widget-image\" data-id=\"8ce8bd9\" data-element_type=\"widget\" data-e-type=\"widget\" data-widget_type=\"image.default\">\n\t\t\t\t<div class=\"elementor-widget-container\">\n\t\t\t\t\t\t\t\t\t\t\t\t\t\t\t<img fetchpriority=\"high\" decoding=\"async\" width=\"1000\" height=\"843\" src=\"https:\/\/pulsarpools.com\/wp-content\/uploads\/2024\/09\/booster-pump.png\" class=\"attachment-full size-full wp-image-55129\" alt=\"\" srcset=\"https:\/\/pulsarpools.com\/wp-content\/uploads\/2024\/09\/booster-pump.png 1000w, https:\/\/pulsarpools.com\/wp-content\/uploads\/2024\/09\/booster-pump-360x303.png 360w\" sizes=\"(max-width: 1000px) 100vw, 1000px\" \/>\t\t\t\t\t\t\t\t\t\t\t\t\t\t\t<\/div>\n\t\t\t\t<\/div>\n\t\t\t\t\t<\/div>\n\t\t<\/div>\n\t\t\t\t<div class=\"elementor-column elementor-col-50 elementor-inner-column elementor-element elementor-element-2648c2f\" data-id=\"2648c2f\" data-element_type=\"column\" data-e-type=\"column\">\n\t\t\t<div class=\"elementor-widget-wrap elementor-element-populated\">\n\t\t\t\t\t\t<div class=\"elementor-element elementor-element-18f620b elementor-widget elementor-widget-heading\" data-id=\"18f620b\" data-element_type=\"widget\" data-e-type=\"widget\" data-widget_type=\"heading.default\">\n\t\t\t\t<div class=\"elementor-widget-container\">\n\t\t\t\t\t<h2 class=\"elementor-heading-title elementor-size-default\">Bomba de refuerzo Pulsar<\/h2>\t\t\t\t<\/div>\n\t\t\t\t<\/div>\n\t\t\t\t<div class=\"elementor-element elementor-element-cdbde2e elementor-widget elementor-widget-text-editor\" data-id=\"cdbde2e\" data-element_type=\"widget\" data-e-type=\"widget\" data-widget_type=\"text-editor.default\">\n\t\t\t\t<div class=\"elementor-widget-container\">\n\t\t\t\t\t\t\t\t\t<p>Informaci\u00f3n pr\u00f3ximamente disponible<\/p>\t\t\t\t\t\t\t\t<\/div>\n\t\t\t\t<\/div>\n\t\t\t\t\t<\/div>\n\t\t<\/div>\n\t\t\t\t\t<\/div>\n\t\t<\/section>\n\t\t\t\t<section data-particle_enable=\"false\" data-particle-mobile-disabled=\"false\" class=\"elementor-section elementor-inner-section elementor-element elementor-element-947fadf elementor-section-boxed elementor-section-height-default elementor-section-height-default\" data-id=\"947fadf\" data-element_type=\"section\" data-e-type=\"section\" data-settings=\"{&quot;jet_parallax_layout_list&quot;:[]}\">\n\t\t\t\t\t\t<div class=\"elementor-container elementor-column-gap-default\">\n\t\t\t\t\t<div class=\"elementor-column elementor-col-100 elementor-inner-column elementor-element elementor-element-0bd72d7\" data-id=\"0bd72d7\" data-element_type=\"column\" data-e-type=\"column\">\n\t\t\t<div class=\"elementor-widget-wrap elementor-element-populated\">\n\t\t\t\t\t\t<div class=\"elementor-element elementor-element-cc348ad elementor-widget elementor-widget-heading\" data-id=\"cc348ad\" data-element_type=\"widget\" data-e-type=\"widget\" data-widget_type=\"heading.default\">\n\t\t\t\t<div class=\"elementor-widget-container\">\n\t\t\t\t\t<h3 class=\"elementor-heading-title elementor-size-default\">Documentos de la bomba de refuerzo<\/h3>\t\t\t\t<\/div>\n\t\t\t\t<\/div>\n\t\t\t\t<div class=\"elementor-element elementor-element-4dcc74b elementor-grid-2 elementor-grid-tablet-2 elementor-grid-mobile-1 elementor-widget elementor-widget-eael-betterdocs-category-grid\" data-id=\"4dcc74b\" data-element_type=\"widget\" data-e-type=\"widget\" data-settings=\"{&quot;grid_column&quot;:&quot;2&quot;,&quot;grid_column_tablet&quot;:&quot;2&quot;,&quot;grid_column_mobile&quot;:&quot;1&quot;}\" data-widget_type=\"eael-betterdocs-category-grid.default\">\n\t\t\t\t<div class=\"elementor-widget-container\">\n\t\t\t\t\t<div id=\"eael-bd-cat-grid-4dcc74b\" class=\"eael-better-docs-category-grid-wrapper\"><div class=\"eael-better-docs-category-grid masonry\" data-layout-mode=\"masonry\"><p class=\"no-posts-found\">No posts found!<\/p><\/div><div class=\"clearfix\"><\/div><\/div>\t\t\t\t<\/div>\n\t\t\t\t<\/div>\n\t\t\t\t<div class=\"elementor-element elementor-element-c15501b elementor-position-inline-start elementor-view-default elementor-mobile-position-block-start elementor-widget elementor-widget-icon-box\" data-id=\"c15501b\" data-element_type=\"widget\" data-e-type=\"widget\" data-widget_type=\"icon-box.default\">\n\t\t\t\t<div class=\"elementor-widget-container\">\n\t\t\t\t\t\t\t<div class=\"elementor-icon-box-wrapper\">\n\n\t\t\t\t\t\t<div class=\"elementor-icon-box-icon\">\n\t\t\t\t<a href=\"https:\/\/pulsarpools.com\/es\/documentos-de-miembros\/\" class=\"elementor-icon\" tabindex=\"-1\" aria-label=\"Volver al Portal de Ingenier\u00eda\">\n\t\t\t\t<i aria-hidden=\"true\" class=\"fas fa-angle-double-left\"><\/i>\t\t\t\t<\/a>\n\t\t\t<\/div>\n\t\t\t\n\t\t\t\t\t\t<div class=\"elementor-icon-box-content\">\n\n\t\t\t\t\t\t\t\t\t<h4 class=\"elementor-icon-box-title\">\n\t\t\t\t\t\t<a href=\"https:\/\/pulsarpools.com\/es\/documentos-de-miembros\/\" >\n\t\t\t\t\t\t\tVolver al Portal de Ingenier\u00eda\t\t\t\t\t\t<\/a>\n\t\t\t\t\t<\/h4>\n\t\t\t\t\n\t\t\t\t\n\t\t\t<\/div>\n\t\t\t\n\t\t<\/div>\n\t\t\t\t\t\t<\/div>\n\t\t\t\t<\/div>\n\t\t\t\t\t<\/div>\n\t\t<\/div>\n\t\t\t\t\t<\/div>\n\t\t<\/section>\n\t\t\t\t\t<\/div>\n\t\t<\/div>\n\t\t\t\t\t<\/div>\n\t\t<\/section>\n\t\t\t\t<\/div>\n\t\t","protected":false},"excerpt":{"rendered":"<p>Volver al Portal de Ingenier\u00eda Bomba de refuerzo Pulsar Informaci\u00f3n pr\u00f3ximamente disponible Documentos de la bomba de refuerzo CAD Booster Pump Misc Booster Pump User Manual Booster Pump Volver al Portal de Ingenier\u00eda<\/p>\n","protected":false},"author":1,"featured_media":0,"parent":55243,"menu_order":0,"comment_status":"closed","ping_status":"closed","template":"elementor_header_footer","meta":{"inline_featured_image":false,"footnotes":"","_links_to":"","_links_to_target":""},"class_list":["post-55248","page","type-page","status-publish","hentry"],"_links":{"self":[{"href":"https:\/\/pulsarpools.com\/es\/wp-json\/wp\/v2\/pages\/55248","targetHints":{"allow":["GET"]}}],"collection":[{"href":"https:\/\/pulsarpools.com\/es\/wp-json\/wp\/v2\/pages"}],"about":[{"href":"https:\/\/pulsarpools.com\/es\/wp-json\/wp\/v2\/types\/page"}],"author":[{"embeddable":true,"href":"https:\/\/pulsarpools.com\/es\/wp-json\/wp\/v2\/users\/1"}],"replies":[{"embeddable":true,"href":"https:\/\/pulsarpools.com\/es\/wp-json\/wp\/v2\/comments?post=55248"}],"version-history":[{"count":0,"href":"https:\/\/pulsarpools.com\/es\/wp-json\/wp\/v2\/pages\/55248\/revisions"}],"up":[{"embeddable":true,"href":"https:\/\/pulsarpools.com\/es\/wp-json\/wp\/v2\/pages\/55243"}],"wp:attachment":[{"href":"https:\/\/pulsarpools.com\/es\/wp-json\/wp\/v2\/media?parent=55248"}],"curies":[{"name":"wp","href":"https:\/\/api.w.org\/{rel}","templated":true}]}}