{"id":55208,"date":"2022-06-28T03:10:52","date_gmt":"2022-06-28T07:10:52","guid":{"rendered":"https:\/\/pulsarpools.com\/seguimiento-de-volumen-esa\/"},"modified":"2025-05-02T13:41:06","modified_gmt":"2025-05-02T17:41:06","slug":"seguimiento-de-volumen-esa","status":"publish","type":"page","link":"https:\/\/pulsarpools.com\/es\/seguimiento-de-volumen-esa\/","title":{"rendered":"Seguimiento de volumen ESA"},"content":{"rendered":"\t\t<div data-elementor-type=\"wp-page\" data-elementor-id=\"55208\" class=\"elementor elementor-55208 elementor-8364\" data-elementor-post-type=\"page\">\n\t\t\t\t\t\t<section data-particle_enable=\"false\" data-particle-mobile-disabled=\"false\" class=\"elementor-section elementor-top-section elementor-element elementor-element-d3d6e0c elementor-section-boxed elementor-section-height-default elementor-section-height-default\" data-id=\"d3d6e0c\" data-element_type=\"section\" data-e-type=\"section\" data-settings=\"{&quot;jet_parallax_layout_list&quot;:[]}\">\n\t\t\t\t\t\t<div class=\"elementor-container elementor-column-gap-default\">\n\t\t\t\t\t<div class=\"elementor-column elementor-col-100 elementor-top-column elementor-element elementor-element-a67a4c4\" data-id=\"a67a4c4\" data-element_type=\"column\" data-e-type=\"column\">\n\t\t\t<div class=\"elementor-widget-wrap elementor-element-populated\">\n\t\t\t\t\t\t<div class=\"elementor-element elementor-element-7b4aac3 elementor-widget elementor-widget-heading\" data-id=\"7b4aac3\" data-element_type=\"widget\" data-e-type=\"widget\" data-widget_type=\"heading.default\">\n\t\t\t\t<div class=\"elementor-widget-container\">\n\t\t\t\t\t<h2 class=\"elementor-heading-title elementor-size-default\">Seguimiento de volumen ESA<\/h2>\t\t\t\t<\/div>\n\t\t\t\t<\/div>\n\t\t\t\t<div class=\"elementor-element elementor-element-ca887a2 elementor-widget elementor-widget-text-editor\" data-id=\"ca887a2\" data-element_type=\"widget\" data-e-type=\"widget\" data-widget_type=\"text-editor.default\">\n\t\t\t\t<div class=\"elementor-widget-container\">\n\t\t\t\t\t\t\t\t\t<p>Para cada sitio, ingrese el volumen de uso mensual en el espacio correspondiente al mes indicado a continuaci\u00f3n. Si no est\u00e1 seguro del volumen mensual, puede ingresar el volumen actual de cada sitio en el mes m\u00e1s reciente. Aseg\u00farese de desplazarse hacia abajo para ver todos los sitios de su cuenta.  <\/p>\t\t\t\t\t\t\t\t<\/div>\n\t\t\t\t<\/div>\n\t\t\t\t\t<\/div>\n\t\t<\/div>\n\t\t\t\t\t<\/div>\n\t\t<\/section>\n\t\t\t\t<section data-particle_enable=\"false\" data-particle-mobile-disabled=\"false\" class=\"elementor-section elementor-top-section elementor-element elementor-element-2182a6c elementor-section-boxed elementor-section-height-default elementor-section-height-default\" data-id=\"2182a6c\" data-element_type=\"section\" data-e-type=\"section\" data-settings=\"{&quot;jet_parallax_layout_list&quot;:[]}\">\n\t\t\t\t\t\t<div class=\"elementor-container elementor-column-gap-wider\">\n\t\t\t\t\t<div class=\"elementor-column elementor-col-50 elementor-top-column elementor-element elementor-element-b45f3d9\" data-id=\"b45f3d9\" data-element_type=\"column\" data-e-type=\"column\">\n\t\t\t<div class=\"elementor-widget-wrap elementor-element-populated\">\n\t\t\t\t\t\t<div class=\"elementor-element elementor-element-36bdf54 jet-nav-align-flex-start elementor-widget elementor-widget-jet-nav-menu\" data-id=\"36bdf54\" data-element_type=\"widget\" data-e-type=\"widget\" data-widget_type=\"jet-nav-menu.default\">\n\t\t\t\t<div class=\"elementor-widget-container\">\n\t\t\t\t\t<nav class=\"jet-nav-wrap m-layout-mobile\"><div class=\"menu-esa-container\"><div class=\"jet-nav m-layout-mobile jet-nav--vertical jet-nav--vertical-sub-bottom\"><div class=\"menu-item menu-item-type-post_type menu-item-object-page jet-nav__item-8369 jet-nav__item\"><a href=\"https:\/\/pulsarpools.com\/account-info\/\" class=\"menu-item-link menu-item-link-depth-0 menu-item-link-top\"><span class=\"jet-nav-link-text\">Informaci\u00f3n de la cuenta<\/span><\/a><\/div>\n<div class=\"menu-item menu-item-type-post_type menu-item-object-page jet-nav__item-8368 jet-nav__item\"><a href=\"https:\/\/pulsarpools.com\/contracts\/\" class=\"menu-item-link menu-item-link-depth-0 menu-item-link-top\"><span class=\"jet-nav-link-text\">Contratos ESA<\/span><\/a><\/div>\n<div class=\"menu-item menu-item-type-post_type menu-item-object-page jet-nav__item-8367 jet-nav__item\"><a href=\"https:\/\/pulsarpools.com\/document-upload\/\" class=\"menu-item-link menu-item-link-depth-0 menu-item-link-top\"><span class=\"jet-nav-link-text\">Carga de notas de entrega<\/span><\/a><\/div>\n<div class=\"menu-item menu-item-type-post_type menu-item-object-page jet-nav__item-8366 jet-nav__item\"><a href=\"https:\/\/pulsarpools.com\/site-usage\/\" class=\"menu-item-link menu-item-link-depth-0 menu-item-link-top\"><span class=\"jet-nav-link-text\">Seguimiento de volumen ESA<\/span><\/a><\/div>\n<div class=\"menu-item menu-item-type-custom menu-item-object-custom jet-nav__item-48517 jet-nav__item\"><a href=\"https:\/\/pulsarpools.com\/wp-login.php?action=logout&#038;_wpnonce=74bf643590\" class=\"menu-item-link menu-item-link-depth-0 menu-item-link-top\"><span class=\"jet-nav-link-text\">Logout<\/span><\/a><\/div>\n<\/div><\/div><\/nav>\t\t\t\t<\/div>\n\t\t\t\t<\/div>\n\t\t\t\t\t<\/div>\n\t\t<\/div>\n\t\t\t\t<div class=\"elementor-column elementor-col-50 elementor-top-column elementor-element elementor-element-0335065\" data-id=\"0335065\" data-element_type=\"column\" data-e-type=\"column\">\n\t\t\t<div class=\"elementor-widget-wrap elementor-element-populated\">\n\t\t\t\t\t\t<div class=\"elementor-element elementor-element-7583103a elementor-widget elementor-widget-shortcode\" data-id=\"7583103a\" data-element_type=\"widget\" data-e-type=\"widget\" data-widget_type=\"shortcode.default\">\n\t\t\t\t<div class=\"elementor-widget-container\">\n\t\t\t\t\t\t\t<div class=\"elementor-shortcode\">\t\t\t\t\tPlease Login the ESA user, Then you can get access on this page.\n\t\t\t\t\t\t\t<style type=\"text\/css\">\n\t\t\t\t.pep_user_site_usage_wrapper .pep_user_site_rows {\n\t\t\t\t\tdisplay: flex;\n\t\t\t\t\tjustify-content: space-between;\n\t\t\t\t\tpadding: 5px 0px;\n\t\t\t\t}\n\t\t\t\t\n\t\t\t\t.pep_user_site_name {\n\t\t\t\t\tfont-size: 22px;\n\t\t\t\t\tfont-weight: 600;\n\t\t\t\t}\n\t\t\t\t.pep_user_site_month_wrap_head {\n\t\t\t\t\tcolor: #08aef8;\n\t\t\t\t\tfont-size: 25px;\n\t\t\t\t\tmargin: 10px 0;\n\t\t\t\t}\n\t\t\t\t.pep_user_site_rel_rate {\n\t\t\t\t\tcolor: green;\n\t\t\t\t\tfont-size: 20px;\n\t\t\t\t}\n\t\t\t\t.pep_user_site_month_value {\n\t\t\t\t\tdisplay: flex;\n\t\t\t\t}\n\t\t\t\t.site_month_value {\n\t\t\t\t\ttext-align: center;\n\t\t\t\t\tfont-size: 12px;\n\t\t\t\t}\n\t\t\t\t.site_month_value input {\n\t\t\t\t\theight: 20px;\n\t\t\t\t\tborder-radius: 0px;\n\t\t\t\t\tpadding: 3px;\n\t\t\t\t\ttext-align: right;\n\t\t\t\t}\n\t\t\t\t.pep_user_site_usage_wrapper {\n\t\t\t\t\tpadding: 25px;\n\t\t\t\t\tborder: solid 1px #808080;\n\t\t\t\t\tmargin-bottom: 70px;\n\t\t\t\t\tborder-radius: 10px;\n\t\t\t\t}\n\t\t\t\t.pep_user_site_year {\n\t\t\t\t\tdisplay: flex;\n\t\t\t\t\talign-items: flex-end;\n\t\t\t\t\tjustify-content: flex-start;\n\t\t\t\t\tfont-size: 17px;\n\t\t\t\t\tfont-weight: 800;\n\t\t\t\t\tpadding: 0 10px 2px 10px;\n\t\t\t\t}\n\t\t\t\t.ytd-li input {\n\t\t\t\t\tbackground: #59a43b;\n\t\t\t\t\tcolor: #fff;\n\t\t\t\t\ttext-align: center;\n\t\t\t\t}\n\t\t\t\t.pep_user_site_btn a {\n\t\t\t\t\tbackground: #00BEEA;\n\t\t\t\t\tcolor: #fff;\n\t\t\t\t\tpadding: 10px 40px;\n\t\t\t\t\ttext-transform: uppercase;\n\t\t\t\t\tborder-radius: 5px;\n\t\t\t\t}\n\t\t\t\t.pep_user_site_btn {\n\t\t\t\t\tpadding: 25px 0;\n\t\t\t\t\ttext-align: right;\n\t\t\t\t}\n\t\t\t\t.inputnone input {\n\t\t\t\t\tbackground: gray;\n\t\t\t\t}\n\t\t\t<\/style>\n\t\t\t<\/div>\n\t\t\t\t\t\t<\/div>\n\t\t\t\t<\/div>\n\t\t\t\t\t<\/div>\n\t\t<\/div>\n\t\t\t\t\t<\/div>\n\t\t<\/section>\n\t\t\t\t<\/div>\n\t\t","protected":false},"excerpt":{"rendered":"<p>Seguimiento de volumen ESA Para cada sitio, ingrese el volumen de uso mensual en el espacio correspondiente al mes indicado a continuaci\u00f3n. Si no est\u00e1 seguro del volumen mensual, puede ingresar el volumen actual de cada sitio en el mes m\u00e1s reciente. Aseg\u00farese de desplazarse hacia abajo para ver todos los sitios de su cuenta&#8230;.<\/p>\n","protected":false},"author":5,"featured_media":0,"parent":0,"menu_order":0,"comment_status":"closed","ping_status":"closed","template":"elementor_header_footer","meta":{"inline_featured_image":false,"footnotes":"","_links_to":"","_links_to_target":""},"class_list":["post-55208","page","type-page","status-publish","hentry"],"_links":{"self":[{"href":"https:\/\/pulsarpools.com\/es\/wp-json\/wp\/v2\/pages\/55208","targetHints":{"allow":["GET"]}}],"collection":[{"href":"https:\/\/pulsarpools.com\/es\/wp-json\/wp\/v2\/pages"}],"about":[{"href":"https:\/\/pulsarpools.com\/es\/wp-json\/wp\/v2\/types\/page"}],"author":[{"embeddable":true,"href":"https:\/\/pulsarpools.com\/es\/wp-json\/wp\/v2\/users\/5"}],"replies":[{"embeddable":true,"href":"https:\/\/pulsarpools.com\/es\/wp-json\/wp\/v2\/comments?post=55208"}],"version-history":[{"count":0,"href":"https:\/\/pulsarpools.com\/es\/wp-json\/wp\/v2\/pages\/55208\/revisions"}],"wp:attachment":[{"href":"https:\/\/pulsarpools.com\/es\/wp-json\/wp\/v2\/media?parent=55208"}],"curies":[{"name":"wp","href":"https:\/\/api.w.org\/{rel}","templated":true}]}}